{"id":205,"date":"2017-03-28T14:03:33","date_gmt":"2017-03-28T14:03:33","guid":{"rendered":"http:\/\/swoop.dv.themerex.net\/?page_id=205"},"modified":"2021-12-15T02:59:31","modified_gmt":"2021-12-15T05:59:31","slug":"web-design-contatos","status":"publish","type":"page","link":"https:\/\/gtwa.com.br\/app\/web-design-contatos\/","title":{"rendered":"Contato"},"content":{"rendered":"<p>[vc_row][vc_column][vc_empty_space height=&#8221;9.5em&#8221; alter_height=&#8221;medium&#8221; hide_on_mobile=&#8221;&#8221;]<div id=\"sc_content_1322180979\"\n\t\tclass=\"sc_content color_style_default sc_content_default sc_float_center sc_align_center sc_padding_tiny sc_margin_tiny\"><h6 class=\"sc_item_subtitle sc_content_subtitle sc_align_center sc_item_title_style_default\">Contato<\/h6><h1 class=\"sc_item_title sc_content_title sc_align_center sc_item_title_style_default sc_item_title_tag\">Fale com a GTWA<\/h1><div class=\"sc_content_container\"><\/div><\/div><!-- \/.sc_content -->[\/vc_column][\/vc_row][vc_row full_width=&#8221;stretch_row&#8221; css=&#8221;.vc_custom_1594587201093{background-position: center !important;background-repeat: no-repeat !important;background-size: cover !important;}&#8221; el_id=&#8221;formulario&#8221;][vc_column]<div id=\"sc_content_407474545\"\n\t\tclass=\"sc_content color_style_default sc_content_default sc_float_center sc_content_width_75p\"><div class=\"sc_content_container\">\n                <div class='gf_browser_gecko gform_wrapper _wrapper gf_stylespro_wrapper sp_flat_wrapper' id='gform_wrapper_5' ><form method='post' enctype='multipart\/form-data'  id='gform_5' class=' gf_stylespro sp_flat' action='\/app\/wp-json\/wp\/v2\/pages\/205'>\n                        <div class='gform_body'><ul id='gform_fields_5' class='gform_fields top_label form_sublabel_above description_above'><li id='field_5_2'  class='gfield gfield_html gfield_html_formatted gfield_no_follows_desc field_sublabel_above field_description_above gfield_visibility_visible' >Para contato envie o formul\u00e1rio:<\/li><li id='field_5_23'  class='gfield gfield_contains_required field_sublabel_above field_description_below gfield_visibility_visible gf_left gf_hide_complex_label o_medium' ><label class='gfield_label gfield_label_before_complex'  >Nome completo:<span class='gfield_required'>*<\/span><\/label><div class='ginput_complex ginput_container no_prefix has_first_name no_middle_name no_last_name no_suffix gf_name_has_1 ginput_container_name' id='input_5_23'>\n                            \n                            <span id='input_5_23_3_container' class='name_first' >\n                                                    <label for='input_5_23_3' >Nome<\/label>\n                                                    <input type='text' name='input_23.3' id='input_5_23_3' value='' aria-label='Nome'   aria-required=\"true\" aria-invalid=\"false\" \/>\n                                                <\/span>\n                            \n                            \n                            \n                        <\/div><\/li><li id='field_5_34'  class='gfield gfield_contains_required field_sublabel_above field_description_above gfield_visibility_visible gf_inline gf_left o_medium' ><label class='gfield_label' for='input_5_34' >Tel.:<span class='gfield_required'>*<\/span><\/label><div class='ginput_container ginput_container_text'><input name='input_34' id='input_5_34' type='text' value='' class='large'     aria-required=\"true\" aria-invalid=\"false\" \/><\/div><\/li><li id='field_5_21'  class='gfield gfield_contains_required field_sublabel_above field_description_above gfield_visibility_visible gf_half o_medium' ><label class='gfield_label' for='input_5_21' >Email:<span class='gfield_required'>*<\/span><\/label><div class='ginput_container ginput_container_email'>\n                            <input name='input_21' id='input_5_21' type='email' value='' class='large'    aria-required=\"true\" aria-invalid=\"false\" \/>\n                        <\/div><\/li><li id='field_5_33'  class='gfield gfield_contains_required field_sublabel_above field_description_above gfield_visibility_visible gf_inline gf_newline gfsp_dot o_medium' ><label class='gfield_label'  >Sobre qual assunto deseja informa\u00e7\u00f5es?<span class='gfield_required'>*<\/span><\/label><div class='ginput_container ginput_container_radio'><ul class='gfield_radio' id='input_5_33'><li class='gchoice_5_33_0'><input name='input_33' type='radio' value='Criar um novo site'  id='choice_5_33_0'    \/><label for='choice_5_33_0' id='label_5_33_0'>Criar um novo site<\/label><\/li><li class='gchoice_5_33_1'><input name='input_33' type='radio' value='Redesenhar seu site'  id='choice_5_33_1'    \/><label for='choice_5_33_1' id='label_5_33_1'>Redesenhar seu site<\/label><\/li><li class='gchoice_5_33_2'><input name='input_33' type='radio' value='Loja virtual'  id='choice_5_33_2'    \/><label for='choice_5_33_2' id='label_5_33_2'>Loja virtual<\/label><\/li><li class='gchoice_5_33_3'><input name='input_33' type='radio' value='Cria\u00e7\u00e3o gr\u00e1fica'  id='choice_5_33_3'    \/><label for='choice_5_33_3' id='label_5_33_3'>Cria\u00e7\u00e3o gr\u00e1fica<\/label><\/li><li class='gchoice_5_33_4'><input name='input_33' type='radio' value='Hospedar um site'  id='choice_5_33_4'    \/><label for='choice_5_33_4' id='label_5_33_4'>Hospedar um site<\/label><\/li><li class='gchoice_5_33_5'><input name='input_33' type='radio' value='gf_other_choice'  id='choice_5_33_5'   onfocus=\"jQuery(this).next().next('input').focus();\" \/><label class='gchoice_other_label' id=\"choice_5_33_4\" for=\"choice_5_33_4\"><\/label><input id='input_5_33_other' name='input_33_other' type='text' value='Outros' aria-label='Outros' onfocus='jQuery(this).prev().prev(\"input\")[0].click(); if(jQuery(this).val() == \"Outros\") { jQuery(this).val(\"\"); }' onblur='if(jQuery(this).val().replace(\" \", \"\") == \"\") { jQuery(this).val(\"Outros\"); }'   \/><\/li><\/ul><\/div><\/li><li id='field_5_4'  class='gfield gfield_contains_required field_sublabel_above field_description_above gfield_visibility_visible gf_third_two gf_newline gf_left o_medium' ><label class='gfield_label' for='input_5_4' >Digite sua mensagem:<span class='gfield_required'>*<\/span><\/label><div class='ginput_container ginput_container_textarea'><textarea name='input_4' id='input_5_4' class='textarea large'   maxlength='800'  aria-required=\"true\" aria-invalid=\"false\"   rows='10' cols='50'><\/textarea><\/div><\/li><li id='field_5_35'  class='gfield field_sublabel_above field_description_above gfield_visibility_visible' ><label class='gfield_label' for='input_5_35' >CAPTCHA<\/label><div id='input_5_35' class='ginput_container ginput_recaptcha' data-sitekey='6LeSlksUAAAAAAH9-JePgBHUBN1UDWx5UXfFa6iN'  data-theme='light' data-tabindex='0'  data-badge=''><\/div><\/li>\n                            <\/ul><\/div>\n        <div class='gform_footer top_label'> <input type='submit' id='gform_submit_button_5' class='gform_button button' value='Enviar'  onclick='if(window[\"gf_submitting_5\"]){return false;}  if( !jQuery(\"#gform_5\")[0].checkValidity || jQuery(\"#gform_5\")[0].checkValidity()){window[\"gf_submitting_5\"]=true;}  ' onkeypress='if( event.keyCode == 13 ){ if(window[\"gf_submitting_5\"]){return false;} if( !jQuery(\"#gform_5\")[0].checkValidity || jQuery(\"#gform_5\")[0].checkValidity()){window[\"gf_submitting_5\"]=true;}  jQuery(\"#gform_5\").trigger(\"submit\",[true]); }' \/> \n            <input type='hidden' class='gform_hidden' name='is_submit_5' value='1' \/>\n            <input type='hidden' class='gform_hidden' name='gform_submit' value='5' \/>\n            \n            <input type='hidden' class='gform_hidden' name='gform_unique_id' value='' \/>\n            <input type='hidden' class='gform_hidden' name='state_5' value='WyJbXSIsIjA3ODgwMjI4NzEwZWZkMzA2Mzk5YmU3NGI5YzBiNDcyIl0=' \/>\n            <input type='hidden' class='gform_hidden' name='gform_target_page_number_5' id='gform_target_page_number_5' value='0' \/>\n            <input type='hidden' class='gform_hidden' name='gform_source_page_number_5' id='gform_source_page_number_5' value='1' \/>\n            <input type='hidden' name='gform_field_values' value='' \/>\n            \n        <\/div>\n                        <\/form>\n                        <\/div><script type='text\/javascript'> jQuery(document).bind('gform_post_render', function(event, formId, currentPage){if(formId == 5) {if(!jQuery('#input_5_4+.ginput_counter').length){jQuery('#input_5_4').textareaCount(    {'maxCharacterSize': 800,    'originalStyle': 'ginput_counter',\t 'truncate': true,\t 'errorStyle' : '',    'displayFormat' : '#input de #max m\u00e1x. de caracteres'    });jQuery('input_5_4').next('.ginput_counter').attr('aria-live','polite');}jQuery(document).ready(function(){ $wrapper = jQuery(\"#gform_wrapper_5\"); $wrapper.find(\".gf_icon_after .gfsp_icon\").each(function() { jQuery(this).next().after(this); });  $wrapper.find(\".gf_icon_after .ginput_container_date .gfsp_icon, .gf_icon_after .ginput_container_time .gfsp_icon\").each(function() { jQuery(this).closest(\".ginput_container\").siblings(\":last\").find(\"input, select\").after(this); }) });} } );jQuery(document).bind('gform_post_conditional_logic', function(event, formId, fields, isInit){} );<\/script><script type='text\/javascript'> jQuery(document).ready(function(){jQuery(document).trigger('gform_post_render', [5, 1]) } ); <\/script><\/div><\/div><!-- \/.sc_content -->[vc_empty_space height=&#8221;10em&#8221; alter_height=&#8221;none&#8221; hide_on_mobile=&#8221;&#8221;][\/vc_column][\/vc_row][vc_row full_width=&#8221;stretch_row&#8221; css=&#8221;.vc_custom_1490708404922{background-color: #f7f7f7 !important;}&#8221;][vc_column][vc_empty_space height=&#8221;5.3em&#8221; alter_height=&#8221;none&#8221; hide_on_mobile=&#8221;&#8221;][\/vc_column][vc_column width=&#8221;1\/3&#8243;][vc_column_text]<\/p>\n<address class=\"icon-location-light\" style=\"text-align: center;\"><a href=\"https:\/\/goo.gl\/maps\/GW36XYeRU538KtqGA\" target=\"_blank\" rel=\"noopener noreferrer\">Curitiba, Paran\u00e1, Brasil<\/a><\/address>\n<p>[\/vc_column_text][\/vc_column][vc_column width=&#8221;1\/3&#8243;][vc_column_text]<\/p>\n<address class=\"icon-phone-2\" style=\"text-align: center;\"><a href=\"\/whatsappapi.php\">+55 (41) 99650-2623<\/a><\/address>\n<p>[\/vc_column_text][\/vc_column][vc_column width=&#8221;1\/3&#8243;][vc_column_text]<\/p>\n<address class=\"icon-email\" style=\"text-align: center;\"><a href=\"#formulario\">gtwa@gtwa.com.br<\/a><\/address>\n<p>[\/vc_column_text][\/vc_column][vc_column][vc_empty_space height=&#8221;4.6em&#8221; alter_height=&#8221;none&#8221; hide_on_mobile=&#8221;&#8221;][\/vc_column][\/vc_row][vc_row full_width=&#8221;stretch_row_content_no_spaces&#8221; css=&#8221;.vc_custom_1577753802608{border-bottom-width: 3px !important;border-bottom-color: #dd9933 !important;border-bottom-style: solid !important;}&#8221;][vc_column]<div id=\"sc_googlemap_534881779_wrap\" class=\"sc_googlemap_wrap\"><div id=\"sc_googlemap_534881779\"\n\t\t\tclass=\"sc_googlemap sc_googlemap_default\"\n\t\t\t style=\"width:100%;height:240px;\"\t\t\tdata-zoom=\"11\"\n\t\t\tdata-style=\"default\"\n\t\t\tdata-cluster-icon=\"\"\n\t\t\t><iframe\n                    src=\"https:\/\/maps.google.com\/maps?t=m&output=embed&iwloc=near&z=11&q=Rua+Antonio+Escorsin+1200+Santa+Felicidade+Curitiba+Paran%C3%A1+Brasil\"\n                    scrolling=\"no\"\n                    marginheight=\"0\"\n                    marginwidth=\"0\"\n                    frameborder=\"0\"\n                    aria-label=\"\"><\/iframe><\/div><\/div><!-- \/.sc_googlemap_wrap -->[\/vc_column][\/vc_row][vc_row full_width=&#8221;stretch_row&#8221; content_placement=&#8221;middle&#8221; css=&#8221;.vc_custom_1577752917459{background-color: #212121 !important;}&#8221;][vc_column]<div class=\"sc_layouts sc_layouts_default sc_layouts_216\">[vc_row][vc_column icons_position=\"left\"][vc_empty_space alter_height=\"medium\" hide_on_mobile=\"\"]<div class=\"sc_layouts_item\"><div id=\"widget_slider_1679229225\" class=\"widget_area sc_widget_slider vc_widget_slider wpb_content_element\"><aside id=\"widget_slider_1679229225_widget\" class=\"widget widget_slider\">\t\t\t<div class=\"slider_wrap slider_engine_swiper\">\n\t\t\t\t<div id=\"widget_slider_1679229225_outer\" class=\"slider_swiper_outer slider_style_default slider_outer_direction_horizontal slider_outer_nocontrols slider_outer_nopagination slider_outer_notitles slider_outer_multi\"><div id=\"widget_slider_1679229225_swiper\" class=\"slider_swiper swiper-slider-container slider_direction_horizontal slider_nocontrols slider_nopagination slider_notitles slider_multi slider_resize slider_height_auto slider_type_images\" data-ratio=\"4:2\" data-interval=\"5000\" data-effect=\"slide\" data-pagination=\"bullets\" data-direction=\"horizontal\" data-slides-per-view=\"5\" data-slides-space=\"0\">\n\t\t\t\t\t\t<div class=\"swiper-wrapper\"><div  class=\"swiper-slide\" data-image=\"https:\/\/gtwa.com.br\/app\/wp-content\/uploads\/2017\/03\/Naturale-You.png\" data-cats=\"GTWA Web Design Curitiba e-commerce design gr\u00e1fico\" data-title=\"GTWA Web Design Curitiba site Naturale You\" style=\"\"><img decoding=\"async\" src=\"https:\/\/gtwa.com.br\/app\/wp-content\/uploads\/2017\/03\/Naturale-You.png\" alt=\"GTWA Web Design Curitiba site Naturale You\"><\/div><div  class=\"swiper-slide\" data-image=\"https:\/\/gtwa.com.br\/app\/wp-content\/uploads\/2017\/03\/Nadia-bentz-paisagista.png\" data-cats=\"GTWA Web Design Curitiba e-commerce design gr\u00e1fico\" data-title=\"GTWA Web Design Curitiba site N\u00e1dia Bentz\" style=\"\"><img decoding=\"async\" src=\"https:\/\/gtwa.com.br\/app\/wp-content\/uploads\/2017\/03\/Nadia-bentz-paisagista.png\" alt=\"GTWA Web Design Curitiba site N\u00e1dia Bentz\"><a href=\"https:\/\/www.nadiabentz.com.br\/philodendron\/\" class=\"slide_link\"><\/a><\/div><div  class=\"swiper-slide\" data-image=\"https:\/\/gtwa.com.br\/app\/wp-content\/uploads\/2017\/03\/Muzenza-Wear.png\" data-cats=\"GTWA Web Design Curitiba e-commerce design gr\u00e1fico\" data-title=\"GTWA Web Design Curitiba loja virtual Muzenza Wear\" style=\"\"><img decoding=\"async\" src=\"https:\/\/gtwa.com.br\/app\/wp-content\/uploads\/2017\/03\/Muzenza-Wear.png\" alt=\"GTWA Web Design Curitiba loja virtual Muzenza Wear\"><a href=\"https:\/\/www.muzenzawear.com.br\/\" class=\"slide_link\"><\/a><\/div><div  class=\"swiper-slide\" data-image=\"https:\/\/gtwa.com.br\/app\/wp-content\/uploads\/2017\/03\/Moto-Tour-Himalaias.png\" data-cats=\"GTWA Web Design Curitiba e-commerce design gr\u00e1fico\" data-title=\"GTWA Web Design Curitiba site Moto Tour Himalaia Govinda Turismo\" style=\"\"><img decoding=\"async\" src=\"https:\/\/gtwa.com.br\/app\/wp-content\/uploads\/2017\/03\/Moto-Tour-Himalaias.png\" alt=\"GTWA Web Design Curitiba site Moto Tour Himalaia Govinda Turismo\"><\/div><div  class=\"swiper-slide\" data-image=\"https:\/\/gtwa.com.br\/app\/wp-content\/uploads\/2017\/03\/Grupo-Muzenza-de-Capoeira.png\" data-cats=\"Site Grupo Muzenza de Capoeira GTWA Web Design Curitiba\" data-title=\"GTWA Web Design Curitiba site Grupo Muzenza de Capoeira\" style=\"\"><img decoding=\"async\" src=\"https:\/\/gtwa.com.br\/app\/wp-content\/uploads\/2017\/03\/Grupo-Muzenza-de-Capoeira.png\" alt=\"GTWA Web Design Curitiba site Grupo Muzenza de Capoeira\"><a href=\"https:\/\/muzenza.com.br\/\" class=\"slide_link\"><\/a><\/div><div  class=\"swiper-slide\" data-image=\"https:\/\/gtwa.com.br\/app\/wp-content\/uploads\/2017\/03\/Govinda-Turismo-Brasil-India.png\" data-cats=\"Site Govinda Turismo GTWA Web Design Curitiba e-commerce design gr\u00e1fico\" data-title=\"GTWA Web Design Curitiba site Govinda Turismo Viagem para \u00cdndia\" style=\"\"><img decoding=\"async\" src=\"https:\/\/gtwa.com.br\/app\/wp-content\/uploads\/2017\/03\/Govinda-Turismo-Brasil-India.png\" alt=\"GTWA Web Design Curitiba site Govinda Turismo Viagem para \u00cdndia\"><a href=\"https:\/\/govinda.tur.br\/\" class=\"slide_link\"><\/a><\/div><div  class=\"swiper-slide\" data-image=\"https:\/\/gtwa.com.br\/app\/wp-content\/uploads\/2017\/03\/Galactic-Belgica.png\" data-cats=\"Design Gr\u00e1fico para Galactic Bioqu\u00edmicos\" data-title=\"GTWA Design Gr\u00e1fico Curitiba Galactic Bioqu\u00edmicos\" style=\"\"><img decoding=\"async\" src=\"https:\/\/gtwa.com.br\/app\/wp-content\/uploads\/2017\/03\/Galactic-Belgica.png\" alt=\"GTWA Design Gr\u00e1fico Curitiba Galactic Bioqu\u00edmicos\"><a href=\"https:\/\/www.lactic.com\/en-us\/home.aspx\" class=\"slide_link\"><\/a><\/div><div  class=\"swiper-slide\" data-image=\"https:\/\/gtwa.com.br\/app\/wp-content\/uploads\/2017\/03\/Cha-e-Arte-GTWA-Web-Design-Curitiba.png\" data-cats=\"Site Ch\u00e1&amp;Arte GTWA Web Design Curitiba e-commerce design gr\u00e1fico\" data-title=\"GTWA Web Design Curitiba Site Ch\u00e1&amp;Arte\" style=\"\"><img decoding=\"async\" src=\"https:\/\/gtwa.com.br\/app\/wp-content\/uploads\/2017\/03\/Cha-e-Arte-GTWA-Web-Design-Curitiba.png\" alt=\"GTWA Web Design Curitiba Site Ch\u00e1&amp;Arte\"><\/div><div  class=\"swiper-slide\" data-image=\"https:\/\/gtwa.com.br\/app\/wp-content\/uploads\/2017\/03\/GTWA-Web-Design-Curitiba-Clientes-Bem-Viver.png\" data-cats=\"Site Bem Viver Curitiba Assist\u00eancia ao Idoso GTWA Web Design Curitiba e-commerce design gr\u00e1fico\" data-title=\"GTWA Web Design Curitiba Site Bem Viver Curitiba Assist\u00eancia ao Idoso\" style=\"\"><img decoding=\"async\" src=\"https:\/\/gtwa.com.br\/app\/wp-content\/uploads\/2017\/03\/GTWA-Web-Design-Curitiba-Clientes-Bem-Viver.png\" alt=\"GTWA Web Design Curitiba Site Bem Viver Curitiba Assist\u00eancia ao Idoso\"><a href=\"https:\/\/bemvivercuritiba.com.br\/\" class=\"slide_link\"><\/a><\/div><div  class=\"swiper-slide\" data-image=\"https:\/\/gtwa.com.br\/app\/wp-content\/uploads\/2017\/03\/Baggio-RH.png\" data-cats=\"Site Baggio RH Desenvolvimento Profissional GTWA Web Design Curitiba e-commerce\" data-title=\"GTWA Web Design Curitiba Site Baggio RH Desenvolvimento Profissional\" style=\"\"><img decoding=\"async\" src=\"https:\/\/gtwa.com.br\/app\/wp-content\/uploads\/2017\/03\/Baggio-RH.png\" alt=\"GTWA Web Design Curitiba Site Baggio RH Desenvolvimento Profissional\"><a href=\"https:\/\/baggiorh.com.br\/\" class=\"slide_link\"><\/a><\/div><\/div><!-- \/.swiper-wripper --><\/div><!-- \/.slider_swiper --><\/div><!-- \/.slider_swiper_outer -->\t\t\t<\/div>\n\t\t\t<\/aside><\/div><\/div>[\/vc_column][\/vc_row]<\/div>[\/vc_column][\/vc_row]<\/p>\n","protected":false},"excerpt":{"rendered":"<p>[vc_row][vc_column][vc_empty_space height=&#8221;9.5em&#8221; alter_height=&#8221;medium&#8221; hide_on_mobile=&#8221;&#8221;][\/vc_column][\/vc_row][vc_row full_width=&#8221;stretch_row&#8221; css=&#8221;.vc_custom_1594587201093{background-position: center !important;background-repeat: no-repeat !important;background-size: cover !important;}&#8221; el_id=&#8221;formulario&#8221;][vc_column][vc_empty_space height=&#8221;10em&#8221; alter_height=&#8221;none&#8221; hide_on_mobile=&#8221;&#8221;][\/vc_column][\/vc_row][vc_row full_width=&#8221;stretch_row&#8221; css=&#8221;.vc_custom_1490708404922{background-color: #f7f7f7 !important;}&#8221;][vc_column][vc_empty_space height=&#8221;5.3em&#8221; alter_height=&#8221;none&#8221; hide_on_mobile=&#8221;&#8221;][\/vc_column][vc_column width=&#8221;1\/3&#8243;][vc_column_text] Curitiba, Paran\u00e1, Brasil [\/vc_column_text][\/vc_column][vc_column width=&#8221;1\/3&#8243;][vc_column_text] +55 (41) 99650-2623 [\/vc_column_text][\/vc_column][vc_column width=&#8221;1\/3&#8243;][vc_column_text] gtwa@gtwa.com.br [\/vc_column_text][\/vc_column][vc_column][vc_empty_space height=&#8221;4.6em&#8221; alter_height=&#8221;none&#8221; hide_on_mobile=&#8221;&#8221;][\/vc_column][\/vc_row][vc_row full_width=&#8221;stretch_row_content_no_spaces&#8221; css=&#8221;.vc_custom_1577753802608{border-bottom-width: 3px !important;border-bottom-color: #dd9933 !important;border-bottom-style: solid !important;}&#8221;][vc_column][\/vc_column][\/vc_row][vc_row full_width=&#8221;stretch_row&#8221; content_placement=&#8221;middle&#8221; css=&#8221;.vc_custom_1577752917459{background-color: #212121 !important;}&#8221;][vc_column][\/vc_column][\/vc_row]<\/p>\n","protected":false},"author":1,"featured_media":38521,"parent":0,"menu_order":0,"comment_status":"closed","ping_status":"closed","template":"","meta":{"_seopress_robots_primary_cat":"","_seopress_titles_title":"","_seopress_titles_desc":"Vamos Conversar? Fale com a GTWA Web Solicite um or\u00e7amento ou detalhes sobre um servi\u00e7o!","_seopress_robots_index":"","footnotes":""},"class_list":["post-205","page","type-page","status-publish","has-post-thumbnail"],"_links":{"self":[{"href":"https:\/\/gtwa.com.br\/app\/wp-json\/wp\/v2\/pages\/205","targetHints":{"allow":["GET"]}}],"collection":[{"href":"https:\/\/gtwa.com.br\/app\/wp-json\/wp\/v2\/pages"}],"about":[{"href":"https:\/\/gtwa.com.br\/app\/wp-json\/wp\/v2\/types\/page"}],"author":[{"embeddable":true,"href":"https:\/\/gtwa.com.br\/app\/wp-json\/wp\/v2\/users\/1"}],"replies":[{"embeddable":true,"href":"https:\/\/gtwa.com.br\/app\/wp-json\/wp\/v2\/comments?post=205"}],"version-history":[{"count":0,"href":"https:\/\/gtwa.com.br\/app\/wp-json\/wp\/v2\/pages\/205\/revisions"}],"wp:featuredmedia":[{"embeddable":true,"href":"https:\/\/gtwa.com.br\/app\/wp-json\/wp\/v2\/media\/38521"}],"wp:attachment":[{"href":"https:\/\/gtwa.com.br\/app\/wp-json\/wp\/v2\/media?parent=205"}],"curies":[{"name":"wp","href":"https:\/\/api.w.org\/{rel}","templated":true}]}}