{"id":230,"date":"2017-03-28T14:53:01","date_gmt":"2017-03-28T17:53:01","guid":{"rendered":"http:\/\/swoop.dv.themerex.net\/?page_id=230"},"modified":"2024-11-27T06:34:41","modified_gmt":"2024-11-27T09:34:41","slug":"nossos-servicos2","status":"publish","type":"page","link":"https:\/\/gtwa.com.br\/app\/nossos-servicos2\/","title":{"rendered":"Servi\u00e7os"},"content":{"rendered":"<p>[vc_row 0=&#8221;&#8221; full_width=&#8221;stretch_row_content&#8221; css=&#8221;.vc_custom_1594075233472{padding-right: 5% !important;padding-left: 5% !important;background-color: #f7f7f7 !important;}&#8221;][vc_column 0=&#8221;&#8221;][vc_empty_space height=&#8221;9.6em&#8221; alter_height=&#8221;medium&#8221; hide_on_mobile=&#8221;&#8221;]<div id=\"sc_services_1019680412\" class=\"sc_services color_style_default sc_services_light sc_services_featured_top\"><h6 class=\"sc_item_subtitle sc_services_subtitle sc_align_center sc_item_title_style_default\">SERVI\u00c7OS E PRODUTOS<\/h6><h1 class=\"sc_item_title sc_services_title sc_align_center sc_item_title_style_default sc_item_title_tag\">e-Commerce Internet Design<\/h1><div class=\"sc_item_descr sc_services_descr sc_align_center\"><p>Descubra o que podemos desenvolver para sua empresa!<\/p>\n<\/div><div class=\"sc_services_columns sc_item_columns sc_item_columns_4 trx_addons_columns_wrap columns_padding_bottom\"><div class=\"trx_addons_column-1_4\"><div class=\"sc_services_item with_content with_icon sc_services_item_featured_top\">\n\t<a href=\"https:\/\/gtwa.com.br\/app\/services\/web-design-2\/\"\n\t\t\t id=\"sc_services_1019680412_icon-tablet\"\n\t\t\t class=\"sc_services_item_icon icon-tablet\"\n\t\t\t >\t\t<div class=\"sc_addons_border\">\n\t\t\t<div class=\"t_l\"><\/div>\n\t\t\t<div class=\"t_c\"><\/div>\n\t\t\t<div class=\"t_r\"><\/div>\n\t\t\t<div class=\"r\"><\/div>\n\t\t\t<div class=\"b_r\"><\/div>\n\t\t\t<div class=\"b_c\"><\/div>\n\t\t\t<div class=\"b_l\"><\/div>\n\t\t\t<div class=\"l\"><\/div>\n\t\t<\/div>\n\t\t<\/a>\t\n\t<div class=\"sc_services_item_info\">\n\t\t<div class=\"sc_services_item_header\">\n\t\t\t\t\t\t<h6 class=\"sc_services_item_title\"><a href=\"https:\/\/gtwa.com.br\/app\/services\/web-design-2\/\">Design Responsivo e SEO<\/a><\/h6>\n\t\t\t\t\t<\/div>\n\t\t\t\t\t<div class=\"sc_services_item_content\"><p>Se voc\u00ea deseja classificar no Google, tenha certeza de que sua compatibilidade com dispositivos m\u00f3veis ser\u00e1 pontuada e levada em considera\u00e7\u00e3o ao classificar seu site.<\/p>\n<\/div>\n\t\t\t<!--<div class=\"sc_services_item_button sc_item_button\"><a href=\"https:\/\/gtwa.com.br\/app\/services\/web-design-2\/\" class=\"sc_button sc_button_simple\">Learn more<\/a><\/div>-->\n\t\t\t<\/div>\n<\/div>\n<\/div><div class=\"trx_addons_column-1_4\"><div class=\"sc_services_item with_content with_icon sc_services_item_featured_top\">\n\t<a href=\"https:\/\/gtwa.com.br\/app\/services\/e-commerce\/\"\n\t\t\t id=\"sc_services_1019680412_icon-box\"\n\t\t\t class=\"sc_services_item_icon icon-box\"\n\t\t\t >\t\t<div class=\"sc_addons_border\">\n\t\t\t<div class=\"t_l\"><\/div>\n\t\t\t<div class=\"t_c\"><\/div>\n\t\t\t<div class=\"t_r\"><\/div>\n\t\t\t<div class=\"r\"><\/div>\n\t\t\t<div class=\"b_r\"><\/div>\n\t\t\t<div class=\"b_c\"><\/div>\n\t\t\t<div class=\"b_l\"><\/div>\n\t\t\t<div class=\"l\"><\/div>\n\t\t<\/div>\n\t\t<\/a>\t\n\t<div class=\"sc_services_item_info\">\n\t\t<div class=\"sc_services_item_header\">\n\t\t\t\t\t\t<h6 class=\"sc_services_item_title\"><a href=\"https:\/\/gtwa.com.br\/app\/services\/e-commerce\/\">e-Commerce<\/a><\/h6>\n\t\t\t\t\t<\/div>\n\t\t\t\t\t<div class=\"sc_services_item_content\"><p>Cria\u00e7\u00e3o de loja virtual, com\u00e9rcio eletr\u00f4nico, venda online, sistema site e aplicativo e-commerce, sistema delivery para pizzarias e lanchonetes<\/p>\n<\/div>\n\t\t\t<!--<div class=\"sc_services_item_button sc_item_button\"><a href=\"https:\/\/gtwa.com.br\/app\/services\/e-commerce\/\" class=\"sc_button sc_button_simple\">Learn more<\/a><\/div>-->\n\t\t\t<\/div>\n<\/div>\n<\/div><div class=\"trx_addons_column-1_4\"><div class=\"sc_services_item with_content with_icon sc_services_item_featured_top\">\n\t<a href=\"https:\/\/gtwa.com.br\/app\/services\/design-grafico\/\"\n\t\t\t id=\"sc_services_1019680412_icon-vector\"\n\t\t\t class=\"sc_services_item_icon icon-vector\"\n\t\t\t >\t\t<div class=\"sc_addons_border\">\n\t\t\t<div class=\"t_l\"><\/div>\n\t\t\t<div class=\"t_c\"><\/div>\n\t\t\t<div class=\"t_r\"><\/div>\n\t\t\t<div class=\"r\"><\/div>\n\t\t\t<div class=\"b_r\"><\/div>\n\t\t\t<div class=\"b_c\"><\/div>\n\t\t\t<div class=\"b_l\"><\/div>\n\t\t\t<div class=\"l\"><\/div>\n\t\t<\/div>\n\t\t<\/a>\t\n\t<div class=\"sc_services_item_info\">\n\t\t<div class=\"sc_services_item_header\">\n\t\t\t\t\t\t<h6 class=\"sc_services_item_title\"><a href=\"https:\/\/gtwa.com.br\/app\/services\/design-grafico\/\">Design Gr\u00e1fico<\/a><\/h6>\n\t\t\t\t\t<\/div>\n\t\t\t\t\t<div class=\"sc_services_item_content\"><p>Um projeto de design gr\u00e1fico deve atingir metas, trabalhamos para criar comunica\u00e7\u00f5es significativas com seu p\u00fablico alvo. Criamos folders, banners, logotipos<\/p>\n<\/div>\n\t\t\t<!--<div class=\"sc_services_item_button sc_item_button\"><a href=\"https:\/\/gtwa.com.br\/app\/services\/design-grafico\/\" class=\"sc_button sc_button_simple\">Learn more<\/a><\/div>-->\n\t\t\t<\/div>\n<\/div>\n<\/div><div class=\"trx_addons_column-1_4\"><div class=\"sc_services_item with_content with_icon sc_services_item_featured_top\">\n\t<a href=\"https:\/\/gtwa.com.br\/app\/services\/gtwahost\/\"\n\t\t\t id=\"sc_services_1019680412_icon-html\"\n\t\t\t class=\"sc_services_item_icon icon-html\"\n\t\t\t >\t\t<div class=\"sc_addons_border\">\n\t\t\t<div class=\"t_l\"><\/div>\n\t\t\t<div class=\"t_c\"><\/div>\n\t\t\t<div class=\"t_r\"><\/div>\n\t\t\t<div class=\"r\"><\/div>\n\t\t\t<div class=\"b_r\"><\/div>\n\t\t\t<div class=\"b_c\"><\/div>\n\t\t\t<div class=\"b_l\"><\/div>\n\t\t\t<div class=\"l\"><\/div>\n\t\t<\/div>\n\t\t<\/a>\t\n\t<div class=\"sc_services_item_info\">\n\t\t<div class=\"sc_services_item_header\">\n\t\t\t\t\t\t<h6 class=\"sc_services_item_title\"><a href=\"https:\/\/gtwa.com.br\/app\/services\/gtwahost\/\">Web Host<\/a><\/h6>\n\t\t\t\t\t<\/div>\n\t\t\t\t\t<div class=\"sc_services_item_content\"><p>Hospedagem profissional a um custo imbat\u00edvel.<\/p>\n<\/div>\n\t\t\t<!--<div class=\"sc_services_item_button sc_item_button\"><a href=\"https:\/\/gtwa.com.br\/app\/services\/gtwahost\/\" class=\"sc_button sc_button_simple\">Learn more<\/a><\/div>-->\n\t\t\t<\/div>\n<\/div>\n<\/div><\/div><\/div><!-- \/.sc_services -->[vc_empty_space height=&#8221;3.5em&#8221; alter_height=&#8221;none&#8221; hide_on_mobile=&#8221;&#8221;][\/vc_column][\/vc_row][vc_row full_width=&#8221;stretch_row&#8221; css=&#8221;.vc_custom_1577756105543{background-image: url(https:\/\/gtwa.com.br\/app\/wp-content\/uploads\/2019\/12\/GTWA-Web-Design-Curitiba-e-commerce-design-gr\u00e1fico-Fale-Conosco.jpg?id=36729) !important;background-position: center !important;background-repeat: no-repeat !important;background-size: cover !important;}&#8221;][vc_column][vc_empty_space height=&#8221;3.5em&#8221; alter_height=&#8221;none&#8221; hide_on_mobile=&#8221;&#8221;]<div id=\"sc_content_1011778038\"\n\t\tclass=\"sc_content color_style_default sc_content_default sc_float_center sc_content_width_75p\"><div class=\"sc_content_container\">\n                <div class='gf_browser_gecko gform_wrapper _wrapper gf_stylespro_wrapper sp_flat_wrapper' id='gform_wrapper_7' ><form method='post' enctype='multipart\/form-data'  id='gform_7' class=' gf_stylespro sp_flat' action='\/app\/wp-json\/wp\/v2\/pages\/230'>\n                        <div class='gform_body'><ul id='gform_fields_7' class='gform_fields top_label form_sublabel_above description_above'><li id='field_7_23'  class='gfield gfield_contains_required field_sublabel_above field_description_below gfield_visibility_visible gf_left gf_hide_complex_label o_medium' ><label class='gfield_label gfield_label_before_complex'  >Nome<span class='gfield_required'>*<\/span><\/label><div class='ginput_complex ginput_container no_prefix has_first_name no_middle_name no_last_name no_suffix gf_name_has_1 ginput_container_name' id='input_7_23'>\n                            \n                            <span id='input_7_23_3_container' class='name_first' >\n                                                    <label for='input_7_23_3' >Nome<\/label>\n                                                    <input type='text' name='input_23.3' id='input_7_23_3' value='' aria-label='Nome'   aria-required=\"true\" aria-invalid=\"false\" \/>\n                                                <\/span>\n                            \n                            \n                            \n                        <\/div><\/li><li id='field_7_34'  class='gfield gfield_contains_required field_sublabel_above field_description_above gfield_visibility_visible gf_inline gf_left o_medium' ><label class='gfield_label' for='input_7_34' >Tel.<span class='gfield_required'>*<\/span><\/label><div class='ginput_container ginput_container_text'><input name='input_34' id='input_7_34' type='text' value='' class='large'     aria-required=\"true\" aria-invalid=\"false\" \/><\/div><\/li><li id='field_7_21'  class='gfield gfield_contains_required field_sublabel_above field_description_above gfield_visibility_visible gf_half o_medium' ><label class='gfield_label' for='input_7_21' >Email<span class='gfield_required'>*<\/span><\/label><div class='ginput_container ginput_container_email'>\n                            <input name='input_21' id='input_7_21' type='email' value='' class='large'    aria-required=\"true\" aria-invalid=\"false\" \/>\n                        <\/div><\/li><li id='field_7_4'  class='gfield field_sublabel_above field_description_above gfield_visibility_visible gf_third_two gf_newline gf_left o_medium' ><label class='gfield_label' for='input_7_4' >Sua mensagem...<\/label><div class='ginput_container ginput_container_textarea'><textarea name='input_4' id='input_7_4' class='textarea large'   maxlength='800'   aria-invalid=\"false\"   rows='10' cols='50'><\/textarea><\/div><\/li><li id='field_7_35'  class='gfield field_sublabel_above field_description_above gfield_visibility_visible' ><label class='gfield_label' for='input_7_35' >CAPTCHA<\/label><div id='input_7_35' class='ginput_container ginput_recaptcha' data-sitekey='6LeSlksUAAAAAAH9-JePgBHUBN1UDWx5UXfFa6iN'  data-theme='light' data-tabindex='0'  data-badge=''><\/div><\/li>\n                            <\/ul><\/div>\n        <div class='gform_footer top_label'> <input type='submit' id='gform_submit_button_7' class='gform_button button' value='Enviar'  onclick='if(window[\"gf_submitting_7\"]){return false;}  if( !jQuery(\"#gform_7\")[0].checkValidity || jQuery(\"#gform_7\")[0].checkValidity()){window[\"gf_submitting_7\"]=true;}  ' onkeypress='if( event.keyCode == 13 ){ if(window[\"gf_submitting_7\"]){return false;} if( !jQuery(\"#gform_7\")[0].checkValidity || jQuery(\"#gform_7\")[0].checkValidity()){window[\"gf_submitting_7\"]=true;}  jQuery(\"#gform_7\").trigger(\"submit\",[true]); }' \/> \n            <input type='hidden' class='gform_hidden' name='is_submit_7' value='1' \/>\n            <input type='hidden' class='gform_hidden' name='gform_submit' value='7' \/>\n            \n            <input type='hidden' class='gform_hidden' name='gform_unique_id' value='' \/>\n            <input type='hidden' class='gform_hidden' name='state_7' value='WyJbXSIsIjA3ODgwMjI4NzEwZWZkMzA2Mzk5YmU3NGI5YzBiNDcyIl0=' \/>\n            <input type='hidden' class='gform_hidden' name='gform_target_page_number_7' id='gform_target_page_number_7' value='0' \/>\n            <input type='hidden' class='gform_hidden' name='gform_source_page_number_7' id='gform_source_page_number_7' value='1' \/>\n            <input type='hidden' name='gform_field_values' value='' \/>\n            \n        <\/div>\n                        <\/form>\n                        <\/div><script type='text\/javascript'> jQuery(document).bind('gform_post_render', function(event, formId, currentPage){if(formId == 7) {if(!jQuery('#input_7_4+.ginput_counter').length){jQuery('#input_7_4').textareaCount(    {'maxCharacterSize': 800,    'originalStyle': 'ginput_counter',\t 'truncate': true,\t 'errorStyle' : '',    'displayFormat' : '#input de #max m\u00e1x. de caracteres'    });jQuery('input_7_4').next('.ginput_counter').attr('aria-live','polite');}jQuery(document).ready(function(){ $wrapper = jQuery(\"#gform_wrapper_7\"); $wrapper.find(\".gf_icon_after .gfsp_icon\").each(function() { jQuery(this).next().after(this); });  $wrapper.find(\".gf_icon_after .ginput_container_date .gfsp_icon, .gf_icon_after .ginput_container_time .gfsp_icon\").each(function() { jQuery(this).closest(\".ginput_container\").siblings(\":last\").find(\"input, select\").after(this); }) });} } );jQuery(document).bind('gform_post_conditional_logic', function(event, formId, fields, isInit){} );<\/script><script type='text\/javascript'> jQuery(document).ready(function(){jQuery(document).trigger('gform_post_render', [7, 1]) } ); <\/script><\/div><\/div><!-- \/.sc_content -->[vc_empty_space height=&#8221;10em&#8221; alter_height=&#8221;none&#8221; hide_on_mobile=&#8221;&#8221;][\/vc_column][\/vc_row][vc_row full_width=&#8221;stretch_row&#8221; content_placement=&#8221;middle&#8221; css=&#8221;.vc_custom_1577752917459{background-color: #212121 !important;}&#8221;][vc_column]<div class=\"sc_layouts sc_layouts_default sc_layouts_216\">[vc_row][vc_column icons_position=\"left\"][vc_empty_space alter_height=\"medium\" hide_on_mobile=\"\"]<div class=\"sc_layouts_item\"><div id=\"widget_slider_1660419754\" class=\"widget_area sc_widget_slider vc_widget_slider wpb_content_element\"><aside id=\"widget_slider_1660419754_widget\" class=\"widget widget_slider\">\t\t\t<div class=\"slider_wrap slider_engine_swiper\">\n\t\t\t\t<div id=\"widget_slider_1660419754_outer\" class=\"slider_swiper_outer slider_style_default slider_outer_direction_horizontal slider_outer_nocontrols slider_outer_nopagination slider_outer_notitles slider_outer_multi\"><div id=\"widget_slider_1660419754_swiper\" class=\"slider_swiper swiper-slider-container slider_direction_horizontal slider_nocontrols slider_nopagination slider_notitles slider_multi slider_resize slider_height_auto slider_type_images\" data-ratio=\"4:2\" data-interval=\"5000\" data-effect=\"slide\" data-pagination=\"bullets\" data-direction=\"horizontal\" data-slides-per-view=\"5\" data-slides-space=\"0\">\n\t\t\t\t\t\t<div class=\"swiper-wrapper\"><div  class=\"swiper-slide\" data-image=\"https:\/\/gtwa.com.br\/app\/wp-content\/uploads\/2017\/03\/Naturale-You.png\" data-cats=\"GTWA Web Design Curitiba e-commerce design gr\u00e1fico\" data-title=\"GTWA Web Design Curitiba site Naturale You\" style=\"\"><img decoding=\"async\" src=\"https:\/\/gtwa.com.br\/app\/wp-content\/uploads\/2017\/03\/Naturale-You.png\" alt=\"GTWA Web Design Curitiba site Naturale You\"><\/div><div  class=\"swiper-slide\" data-image=\"https:\/\/gtwa.com.br\/app\/wp-content\/uploads\/2017\/03\/Nadia-bentz-paisagista.png\" data-cats=\"GTWA Web Design Curitiba e-commerce design gr\u00e1fico\" data-title=\"GTWA Web Design Curitiba site N\u00e1dia Bentz\" style=\"\"><img decoding=\"async\" src=\"https:\/\/gtwa.com.br\/app\/wp-content\/uploads\/2017\/03\/Nadia-bentz-paisagista.png\" alt=\"GTWA Web Design Curitiba site N\u00e1dia Bentz\"><a href=\"https:\/\/www.nadiabentz.com.br\/philodendron\/\" class=\"slide_link\"><\/a><\/div><div  class=\"swiper-slide\" data-image=\"https:\/\/gtwa.com.br\/app\/wp-content\/uploads\/2017\/03\/Muzenza-Wear.png\" data-cats=\"GTWA Web Design Curitiba e-commerce design gr\u00e1fico\" data-title=\"GTWA Web Design Curitiba loja virtual Muzenza Wear\" style=\"\"><img decoding=\"async\" src=\"https:\/\/gtwa.com.br\/app\/wp-content\/uploads\/2017\/03\/Muzenza-Wear.png\" alt=\"GTWA Web Design Curitiba loja virtual Muzenza Wear\"><a href=\"https:\/\/www.muzenzawear.com.br\/\" class=\"slide_link\"><\/a><\/div><div  class=\"swiper-slide\" data-image=\"https:\/\/gtwa.com.br\/app\/wp-content\/uploads\/2017\/03\/Moto-Tour-Himalaias.png\" data-cats=\"GTWA Web Design Curitiba e-commerce design gr\u00e1fico\" data-title=\"GTWA Web Design Curitiba site Moto Tour Himalaia Govinda Turismo\" style=\"\"><img decoding=\"async\" src=\"https:\/\/gtwa.com.br\/app\/wp-content\/uploads\/2017\/03\/Moto-Tour-Himalaias.png\" alt=\"GTWA Web Design Curitiba site Moto Tour Himalaia Govinda Turismo\"><\/div><div  class=\"swiper-slide\" data-image=\"https:\/\/gtwa.com.br\/app\/wp-content\/uploads\/2017\/03\/Grupo-Muzenza-de-Capoeira.png\" data-cats=\"Site Grupo Muzenza de Capoeira GTWA Web Design Curitiba\" data-title=\"GTWA Web Design Curitiba site Grupo Muzenza de Capoeira\" style=\"\"><img decoding=\"async\" src=\"https:\/\/gtwa.com.br\/app\/wp-content\/uploads\/2017\/03\/Grupo-Muzenza-de-Capoeira.png\" alt=\"GTWA Web Design Curitiba site Grupo Muzenza de Capoeira\"><a href=\"https:\/\/muzenza.com.br\/\" class=\"slide_link\"><\/a><\/div><div  class=\"swiper-slide\" data-image=\"https:\/\/gtwa.com.br\/app\/wp-content\/uploads\/2017\/03\/Govinda-Turismo-Brasil-India.png\" data-cats=\"Site Govinda Turismo GTWA Web Design Curitiba e-commerce design gr\u00e1fico\" data-title=\"GTWA Web Design Curitiba site Govinda Turismo Viagem para \u00cdndia\" style=\"\"><img decoding=\"async\" src=\"https:\/\/gtwa.com.br\/app\/wp-content\/uploads\/2017\/03\/Govinda-Turismo-Brasil-India.png\" alt=\"GTWA Web Design Curitiba site Govinda Turismo Viagem para \u00cdndia\"><a href=\"https:\/\/govinda.tur.br\/\" class=\"slide_link\"><\/a><\/div><div  class=\"swiper-slide\" data-image=\"https:\/\/gtwa.com.br\/app\/wp-content\/uploads\/2017\/03\/Galactic-Belgica.png\" data-cats=\"Design Gr\u00e1fico para Galactic Bioqu\u00edmicos\" data-title=\"GTWA Design Gr\u00e1fico Curitiba Galactic Bioqu\u00edmicos\" style=\"\"><img decoding=\"async\" src=\"https:\/\/gtwa.com.br\/app\/wp-content\/uploads\/2017\/03\/Galactic-Belgica.png\" alt=\"GTWA Design Gr\u00e1fico Curitiba Galactic Bioqu\u00edmicos\"><a href=\"https:\/\/www.lactic.com\/en-us\/home.aspx\" class=\"slide_link\"><\/a><\/div><div  class=\"swiper-slide\" data-image=\"https:\/\/gtwa.com.br\/app\/wp-content\/uploads\/2017\/03\/Cha-e-Arte-GTWA-Web-Design-Curitiba.png\" data-cats=\"Site Ch\u00e1&amp;Arte GTWA Web Design Curitiba e-commerce design gr\u00e1fico\" data-title=\"GTWA Web Design Curitiba Site Ch\u00e1&amp;Arte\" style=\"\"><img decoding=\"async\" src=\"https:\/\/gtwa.com.br\/app\/wp-content\/uploads\/2017\/03\/Cha-e-Arte-GTWA-Web-Design-Curitiba.png\" alt=\"GTWA Web Design Curitiba Site Ch\u00e1&amp;Arte\"><\/div><div  class=\"swiper-slide\" data-image=\"https:\/\/gtwa.com.br\/app\/wp-content\/uploads\/2017\/03\/GTWA-Web-Design-Curitiba-Clientes-Bem-Viver.png\" data-cats=\"Site Bem Viver Curitiba Assist\u00eancia ao Idoso GTWA Web Design Curitiba e-commerce design gr\u00e1fico\" data-title=\"GTWA Web Design Curitiba Site Bem Viver Curitiba Assist\u00eancia ao Idoso\" style=\"\"><img decoding=\"async\" src=\"https:\/\/gtwa.com.br\/app\/wp-content\/uploads\/2017\/03\/GTWA-Web-Design-Curitiba-Clientes-Bem-Viver.png\" alt=\"GTWA Web Design Curitiba Site Bem Viver Curitiba Assist\u00eancia ao Idoso\"><a href=\"https:\/\/bemvivercuritiba.com.br\/\" class=\"slide_link\"><\/a><\/div><div  class=\"swiper-slide\" data-image=\"https:\/\/gtwa.com.br\/app\/wp-content\/uploads\/2017\/03\/Baggio-RH.png\" data-cats=\"Site Baggio RH Desenvolvimento Profissional GTWA Web Design Curitiba e-commerce\" data-title=\"GTWA Web Design Curitiba Site Baggio RH Desenvolvimento Profissional\" style=\"\"><img decoding=\"async\" src=\"https:\/\/gtwa.com.br\/app\/wp-content\/uploads\/2017\/03\/Baggio-RH.png\" alt=\"GTWA Web Design Curitiba Site Baggio RH Desenvolvimento Profissional\"><a href=\"https:\/\/baggiorh.com.br\/\" class=\"slide_link\"><\/a><\/div><\/div><!-- \/.swiper-wripper --><\/div><!-- \/.slider_swiper --><\/div><!-- \/.slider_swiper_outer -->\t\t\t<\/div>\n\t\t\t<\/aside><\/div><\/div>[\/vc_column][\/vc_row]<\/div>[\/vc_column][\/vc_row]<\/p>\n","protected":false},"excerpt":{"rendered":"<p>[vc_row 0=&#8221;&#8221; full_width=&#8221;stretch_row_content&#8221; css=&#8221;.vc_custom_1594075233472{padding-right: 5% !important;padding-left: 5% !important;background-color: #f7f7f7 !important;}&#8221;][vc_column 0=&#8221;&#8221;][vc_empty_space height=&#8221;9.6em&#8221; alter_height=&#8221;medium&#8221; hide_on_mobile=&#8221;&#8221;][vc_empty_space height=&#8221;3.5em&#8221; alter_height=&#8221;none&#8221; hide_on_mobile=&#8221;&#8221;][\/vc_column][\/vc_row][vc_row full_width=&#8221;stretch_row&#8221; css=&#8221;.vc_custom_1577756105543{background-image: url(https:\/\/gtwa.com.br\/app\/wp-content\/uploads\/2019\/12\/GTWA-Web-Design-Curitiba-e-commerce-design-gr\u00e1fico-Fale-Conosco.jpg?id=36729) !important;background-position: center !important;background-repeat: no-repeat !important;background-size: cover !important;}&#8221;][vc_column][vc_empty_space height=&#8221;3.5em&#8221; alter_height=&#8221;none&#8221; hide_on_mobile=&#8221;&#8221;][vc_empty_space height=&#8221;10em&#8221; alter_height=&#8221;none&#8221; hide_on_mobile=&#8221;&#8221;][\/vc_column][\/vc_row][vc_row full_width=&#8221;stretch_row&#8221; content_placement=&#8221;middle&#8221; css=&#8221;.vc_custom_1577752917459{background-color: #212121 !important;}&#8221;][vc_column][\/vc_column][\/vc_row]<\/p>\n","protected":false},"author":1,"featured_media":0,"parent":0,"menu_order":0,"comment_status":"closed","ping_status":"closed","template":"","meta":{"_seopress_robots_primary_cat":"","_seopress_titles_title":"","_seopress_titles_desc":"GTWA Servi\u00e7os e Produtos O Que N\u00f3s Fazemos? Descubra o que podemos desenvolver para sua empresa! Veja agora!","_seopress_robots_index":"","footnotes":""},"class_list":["post-230","page","type-page","status-publish"],"_links":{"self":[{"href":"https:\/\/gtwa.com.br\/app\/wp-json\/wp\/v2\/pages\/230","targetHints":{"allow":["GET"]}}],"collection":[{"href":"https:\/\/gtwa.com.br\/app\/wp-json\/wp\/v2\/pages"}],"about":[{"href":"https:\/\/gtwa.com.br\/app\/wp-json\/wp\/v2\/types\/page"}],"author":[{"embeddable":true,"href":"https:\/\/gtwa.com.br\/app\/wp-json\/wp\/v2\/users\/1"}],"replies":[{"embeddable":true,"href":"https:\/\/gtwa.com.br\/app\/wp-json\/wp\/v2\/comments?post=230"}],"version-history":[{"count":2,"href":"https:\/\/gtwa.com.br\/app\/wp-json\/wp\/v2\/pages\/230\/revisions"}],"predecessor-version":[{"id":47523,"href":"https:\/\/gtwa.com.br\/app\/wp-json\/wp\/v2\/pages\/230\/revisions\/47523"}],"wp:attachment":[{"href":"https:\/\/gtwa.com.br\/app\/wp-json\/wp\/v2\/media?parent=230"}],"curies":[{"name":"wp","href":"https:\/\/api.w.org\/{rel}","templated":true}]}}