{"id":36512,"date":"2019-12-30T00:47:04","date_gmt":"2019-12-30T02:47:04","guid":{"rendered":"http:\/\/127.0.0.1\/gtwa8\/?page_id=36512"},"modified":"2020-09-30T20:46:54","modified_gmt":"2020-09-30T23:46:54","slug":"gtwa-news","status":"publish","type":"page","link":"https:\/\/gtwa.com.br\/app\/gtwa-news\/","title":{"rendered":"News"},"content":{"rendered":"<p>[vc_row scheme=&#8221;dark&#8221;][vc_column][vc_empty_space height=&#8221;&#8221; alter_height=&#8221;large&#8221; hide_on_mobile=&#8221;&#8221;][vc_column_text]<\/p>\n<h2>G1<\/h2>\n<div class=\"wpra-display align\" data-display-id=\"0\" hx-target=\"this\" hx-swap=\"outerHTML\">    <div class=\"wp-rss-aggregator wpra-list-template \">\n        <ul class=\"rss-aggregator wpra-item-list wpra-item-list--bullets wpra-item-list--default\" start=\"1\">\n            <p>No feed items found.<\/p>\n        <\/ul>\n    <\/div> <\/div>[\/vc_column_text][vc_separator css=&#8221;.vc_custom_1577685237608{margin-bottom: 0px !important;}&#8221;][vc_column_text]\u00a9 Copyright Globo Comunica\u00e7\u00e3o e Participa\u00e7\u00f5es S.A.[\/vc_column_text][\/vc_column][\/vc_row]<\/p>\n","protected":false},"excerpt":{"rendered":"<p>[vc_row scheme=&#8221;dark&#8221;][vc_column][vc_empty_space height=&#8221;&#8221; alter_height=&#8221;large&#8221; hide_on_mobile=&#8221;&#8221;][vc_column_text] G1 [\/vc_column_text][vc_separator css=&#8221;.vc_custom_1577685237608{margin-bottom: 0px !important;}&#8221;][vc_column_text]\u00a9 Copyright Globo Comunica\u00e7\u00e3o e Participa\u00e7\u00f5es S.A.[\/vc_column_text][\/vc_column][\/vc_row]<\/p>\n","protected":false},"author":1,"featured_media":0,"parent":0,"menu_order":0,"comment_status":"closed","ping_status":"closed","template":"","meta":{"_seopress_robots_primary_cat":"","_seopress_titles_title":"","_seopress_titles_desc":"Not\u00edcias atualizadas sobre ci\u00eancia e tecnologia RSS Revista Galileu e Reda\u00e7\u00e3o G1","_seopress_robots_index":"","footnotes":""},"class_list":["post-36512","page","type-page","status-publish"],"_links":{"self":[{"href":"https:\/\/gtwa.com.br\/app\/wp-json\/wp\/v2\/pages\/36512","targetHints":{"allow":["GET"]}}],"collection":[{"href":"https:\/\/gtwa.com.br\/app\/wp-json\/wp\/v2\/pages"}],"about":[{"href":"https:\/\/gtwa.com.br\/app\/wp-json\/wp\/v2\/types\/page"}],"author":[{"embeddable":true,"href":"https:\/\/gtwa.com.br\/app\/wp-json\/wp\/v2\/users\/1"}],"replies":[{"embeddable":true,"href":"https:\/\/gtwa.com.br\/app\/wp-json\/wp\/v2\/comments?post=36512"}],"version-history":[{"count":0,"href":"https:\/\/gtwa.com.br\/app\/wp-json\/wp\/v2\/pages\/36512\/revisions"}],"wp:attachment":[{"href":"https:\/\/gtwa.com.br\/app\/wp-json\/wp\/v2\/media?parent=36512"}],"curies":[{"name":"wp","href":"https:\/\/api.w.org\/{rel}","templated":true}]}}