{"id":37347,"date":"2020-01-04T23:15:30","date_gmt":"2020-01-05T01:15:30","guid":{"rendered":"http:\/\/127.0.0.1\/gtwa8\/?page_id=37347"},"modified":"2020-07-12T19:30:23","modified_gmt":"2020-07-12T22:30:23","slug":"outras-informacoes","status":"publish","type":"page","link":"https:\/\/gtwa.com.br\/app\/outras-informacoes\/","title":{"rendered":"Outras Informa\u00e7\u00f5es"},"content":{"rendered":"<p>[vc_row full_width=&#8221;stretch_row&#8221; css=&#8221;.vc_custom_1578885853096{background-image: url(https:\/\/gtwa.com.br\/app\/wp-content\/uploads\/2019\/12\/GTWA-Web-Design-Curitiba-e-commerce-design-gr\u00e1fico-Fale-Conosco.jpg?id=36729) !important;background-position: center !important;background-repeat: no-repeat !important;background-size: cover !important;}&#8221;][vc_column][vc_empty_space height=&#8221;9.5em&#8221; alter_height=&#8221;medium&#8221; hide_on_mobile=&#8221;&#8221;]<div id=\"sc_content_1190016630\"\n\t\tclass=\"sc_content color_style_default sc_content_default sc_float_center sc_align_left sc_content_width_1_1\"><h6 class=\"sc_item_subtitle sc_content_subtitle sc_align_left sc_item_title_style_default\">Vamos Trocar Ideias!<\/h6><h3 class=\"sc_item_title sc_content_title sc_align_left sc_item_title_style_default\">Informa\u00e7\u00f5es<\/h3><div class=\"sc_content_container\">\n                <div class='gf_browser_gecko gform_wrapper _wrapper gf_stylespro_wrapper sp_flat_wrapper' id='gform_wrapper_5' ><form method='post' enctype='multipart\/form-data'  id='gform_5' class=' gf_stylespro sp_flat' action='\/app\/wp-json\/wp\/v2\/pages\/37347'>\n                        <div class='gform_body'><ul id='gform_fields_5' class='gform_fields top_label form_sublabel_above description_above'><li id='field_5_2'  class='gfield gfield_html gfield_html_formatted gfield_no_follows_desc field_sublabel_above field_description_above gfield_visibility_visible' >Para contato envie o formul\u00e1rio:<\/li><li id='field_5_23'  class='gfield gfield_contains_required field_sublabel_above field_description_below gfield_visibility_visible gf_left gf_hide_complex_label o_medium' ><label class='gfield_label gfield_label_before_complex'  >Nome completo:<span class='gfield_required'>*<\/span><\/label><div class='ginput_complex ginput_container no_prefix has_first_name no_middle_name no_last_name no_suffix gf_name_has_1 ginput_container_name' id='input_5_23'>\n                            \n                            <span id='input_5_23_3_container' class='name_first' >\n                                                    <label for='input_5_23_3' >Nome<\/label>\n                                                    <input type='text' name='input_23.3' id='input_5_23_3' value='' aria-label='Nome'   aria-required=\"true\" aria-invalid=\"false\" \/>\n                                                <\/span>\n                            \n                            \n                            \n                        <\/div><\/li><li id='field_5_34'  class='gfield gfield_contains_required field_sublabel_above field_description_above gfield_visibility_visible gf_inline gf_left o_medium' ><label class='gfield_label' for='input_5_34' >Tel.:<span class='gfield_required'>*<\/span><\/label><div class='ginput_container ginput_container_text'><input name='input_34' id='input_5_34' type='text' value='' class='large'     aria-required=\"true\" aria-invalid=\"false\" \/><\/div><\/li><li id='field_5_21'  class='gfield gfield_contains_required field_sublabel_above field_description_above gfield_visibility_visible gf_half o_medium' ><label class='gfield_label' for='input_5_21' >Email:<span class='gfield_required'>*<\/span><\/label><div class='ginput_container ginput_container_email'>\n                            <input name='input_21' id='input_5_21' type='email' value='' class='large'    aria-required=\"true\" aria-invalid=\"false\" \/>\n                        <\/div><\/li><li id='field_5_33'  class='gfield gfield_contains_required field_sublabel_above field_description_above gfield_visibility_visible gf_inline gf_newline gfsp_dot o_medium' ><label class='gfield_label'  >Sobre qual assunto deseja informa\u00e7\u00f5es?<span class='gfield_required'>*<\/span><\/label><div class='ginput_container ginput_container_radio'><ul class='gfield_radio' id='input_5_33'><li class='gchoice_5_33_0'><input name='input_33' type='radio' value='Criar um novo site'  id='choice_5_33_0'    \/><label for='choice_5_33_0' id='label_5_33_0'>Criar um novo site<\/label><\/li><li class='gchoice_5_33_1'><input name='input_33' type='radio' value='Redesenhar seu site'  id='choice_5_33_1'    \/><label for='choice_5_33_1' id='label_5_33_1'>Redesenhar seu site<\/label><\/li><li class='gchoice_5_33_2'><input name='input_33' type='radio' value='Loja virtual'  id='choice_5_33_2'    \/><label for='choice_5_33_2' id='label_5_33_2'>Loja virtual<\/label><\/li><li class='gchoice_5_33_3'><input name='input_33' type='radio' value='Cria\u00e7\u00e3o gr\u00e1fica'  id='choice_5_33_3'    \/><label for='choice_5_33_3' id='label_5_33_3'>Cria\u00e7\u00e3o gr\u00e1fica<\/label><\/li><li class='gchoice_5_33_4'><input name='input_33' type='radio' value='Hospedar um site'  id='choice_5_33_4'    \/><label for='choice_5_33_4' id='label_5_33_4'>Hospedar um site<\/label><\/li><li class='gchoice_5_33_5'><input name='input_33' type='radio' value='gf_other_choice'  id='choice_5_33_5'   onfocus=\"jQuery(this).next().next('input').focus();\" \/><label class='gchoice_other_label' id=\"choice_5_33_4\" for=\"choice_5_33_4\"><\/label><input id='input_5_33_other' name='input_33_other' type='text' value='Outros' aria-label='Outros' onfocus='jQuery(this).prev().prev(\"input\")[0].click(); if(jQuery(this).val() == \"Outros\") { jQuery(this).val(\"\"); }' onblur='if(jQuery(this).val().replace(\" \", \"\") == \"\") { jQuery(this).val(\"Outros\"); }'   \/><\/li><\/ul><\/div><\/li><li id='field_5_4'  class='gfield gfield_contains_required field_sublabel_above field_description_above gfield_visibility_visible gf_third_two gf_newline gf_left o_medium' ><label class='gfield_label' for='input_5_4' >Digite sua mensagem:<span class='gfield_required'>*<\/span><\/label><div class='ginput_container ginput_container_textarea'><textarea name='input_4' id='input_5_4' class='textarea large'   maxlength='800'  aria-required=\"true\" aria-invalid=\"false\"   rows='10' cols='50'><\/textarea><\/div><\/li><li id='field_5_35'  class='gfield field_sublabel_above field_description_above gfield_visibility_visible' ><label class='gfield_label' for='input_5_35' >CAPTCHA<\/label><div id='input_5_35' class='ginput_container ginput_recaptcha' data-sitekey='6LeSlksUAAAAAAH9-JePgBHUBN1UDWx5UXfFa6iN'  data-theme='light' data-tabindex='0'  data-badge=''><\/div><\/li>\n                            <\/ul><\/div>\n        <div class='gform_footer top_label'> <input type='submit' id='gform_submit_button_5' class='gform_button button' value='Enviar'  onclick='if(window[\"gf_submitting_5\"]){return false;}  if( !jQuery(\"#gform_5\")[0].checkValidity || jQuery(\"#gform_5\")[0].checkValidity()){window[\"gf_submitting_5\"]=true;}  ' onkeypress='if( event.keyCode == 13 ){ if(window[\"gf_submitting_5\"]){return false;} if( !jQuery(\"#gform_5\")[0].checkValidity || jQuery(\"#gform_5\")[0].checkValidity()){window[\"gf_submitting_5\"]=true;}  jQuery(\"#gform_5\").trigger(\"submit\",[true]); }' \/> \n            <input type='hidden' class='gform_hidden' name='is_submit_5' value='1' \/>\n            <input type='hidden' class='gform_hidden' name='gform_submit' value='5' \/>\n            \n            <input type='hidden' class='gform_hidden' name='gform_unique_id' value='' \/>\n            <input type='hidden' class='gform_hidden' name='state_5' value='WyJbXSIsIjA3ODgwMjI4NzEwZWZkMzA2Mzk5YmU3NGI5YzBiNDcyIl0=' \/>\n            <input type='hidden' class='gform_hidden' name='gform_target_page_number_5' id='gform_target_page_number_5' value='0' \/>\n            <input type='hidden' class='gform_hidden' name='gform_source_page_number_5' id='gform_source_page_number_5' value='1' \/>\n            <input type='hidden' name='gform_field_values' value='' \/>\n            \n        <\/div>\n                        <\/form>\n                        <\/div><script type='text\/javascript'> jQuery(document).bind('gform_post_render', function(event, formId, currentPage){if(formId == 5) {if(!jQuery('#input_5_4+.ginput_counter').length){jQuery('#input_5_4').textareaCount(    {'maxCharacterSize': 800,    'originalStyle': 'ginput_counter',\t 'truncate': true,\t 'errorStyle' : '',    'displayFormat' : '#input de #max m\u00e1x. de caracteres'    });jQuery('input_5_4').next('.ginput_counter').attr('aria-live','polite');}jQuery(document).ready(function(){ $wrapper = jQuery(\"#gform_wrapper_5\"); $wrapper.find(\".gf_icon_after .gfsp_icon\").each(function() { jQuery(this).next().after(this); });  $wrapper.find(\".gf_icon_after .ginput_container_date .gfsp_icon, .gf_icon_after .ginput_container_time .gfsp_icon\").each(function() { jQuery(this).closest(\".ginput_container\").siblings(\":last\").find(\"input, select\").after(this); }) });} } );jQuery(document).bind('gform_post_conditional_logic', function(event, formId, fields, isInit){} );<\/script><script type='text\/javascript'> jQuery(document).ready(function(){jQuery(document).trigger('gform_post_render', [5, 1]) } ); <\/script><\/div><\/div><!-- \/.sc_content -->[vc_empty_space height=&#8221;10em&#8221; alter_height=&#8221;none&#8221; hide_on_mobile=&#8221;&#8221;][\/vc_column][\/vc_row]<\/p>\n","protected":false},"excerpt":{"rendered":"<p>[vc_row full_width=&#8221;stretch_row&#8221; css=&#8221;.vc_custom_1578885853096{background-image: url(https:\/\/gtwa.com.br\/app\/wp-content\/uploads\/2019\/12\/GTWA-Web-Design-Curitiba-e-commerce-design-gr\u00e1fico-Fale-Conosco.jpg?id=36729) !important;background-position: center !important;background-repeat: no-repeat !important;background-size: cover !important;}&#8221;][vc_column][vc_empty_space height=&#8221;9.5em&#8221; alter_height=&#8221;medium&#8221; hide_on_mobile=&#8221;&#8221;][vc_empty_space height=&#8221;10em&#8221; alter_height=&#8221;none&#8221; hide_on_mobile=&#8221;&#8221;][\/vc_column][\/vc_row]<\/p>\n","protected":false},"author":1,"featured_media":0,"parent":0,"menu_order":0,"comment_status":"closed","ping_status":"closed","template":"","meta":{"_seopress_robots_primary_cat":"","_seopress_titles_title":"","_seopress_titles_desc":"Quer saber mais sobre em como ter o seu site ou loja virtual? Preencha o formul\u00e1rio e tire suas d\u00favidas para desenvolver seu projeto!","_seopress_robots_index":"","footnotes":""},"class_list":["post-37347","page","type-page","status-publish"],"_links":{"self":[{"href":"https:\/\/gtwa.com.br\/app\/wp-json\/wp\/v2\/pages\/37347","targetHints":{"allow":["GET"]}}],"collection":[{"href":"https:\/\/gtwa.com.br\/app\/wp-json\/wp\/v2\/pages"}],"about":[{"href":"https:\/\/gtwa.com.br\/app\/wp-json\/wp\/v2\/types\/page"}],"author":[{"embeddable":true,"href":"https:\/\/gtwa.com.br\/app\/wp-json\/wp\/v2\/users\/1"}],"replies":[{"embeddable":true,"href":"https:\/\/gtwa.com.br\/app\/wp-json\/wp\/v2\/comments?post=37347"}],"version-history":[{"count":0,"href":"https:\/\/gtwa.com.br\/app\/wp-json\/wp\/v2\/pages\/37347\/revisions"}],"wp:attachment":[{"href":"https:\/\/gtwa.com.br\/app\/wp-json\/wp\/v2\/media?parent=37347"}],"curies":[{"name":"wp","href":"https:\/\/api.w.org\/{rel}","templated":true}]}}